{"id":107,"date":"2021-07-14T15:07:44","date_gmt":"2021-07-14T15:07:44","guid":{"rendered":"http:\/\/localhost\/houseofhedra2021\/?page_id=107"},"modified":"2022-12-21T23:56:22","modified_gmt":"2022-12-21T23:56:22","slug":"la-marca","status":"publish","type":"page","link":"https:\/\/houseofhedra.com\/?page_id=107","title":{"rendered":"LA MARCA"},"content":{"rendered":"\t\t<div data-elementor-type=\"wp-page\" data-elementor-id=\"107\" class=\"elementor elementor-107\">\n\t\t\t\t\t\t<section class=\"elementor-section elementor-top-section elementor-element elementor-element-2647d07 elementor-section-height-full elementor-section-boxed elementor-section-height-default elementor-section-items-middle\" data-id=\"2647d07\" data-element_type=\"section\" data-e-type=\"section\">\n\t\t\t\t\t\t<div class=\"elementor-container elementor-column-gap-default\">\n\t\t\t\t\t<div class=\"elementor-column elementor-col-50 elementor-top-column elementor-element elementor-element-433293b\" data-id=\"433293b\" data-element_type=\"column\" data-e-type=\"column\">\n\t\t\t<div class=\"elementor-widget-wrap elementor-element-populated\">\n\t\t\t\t\t\t<div class=\"elementor-element elementor-element-6aea70b elementor-widget elementor-widget-text-editor\" data-id=\"6aea70b\" data-element_type=\"widget\" data-e-type=\"widget\" data-widget_type=\"text-editor.default\">\n\t\t\t\t<div class=\"elementor-widget-container\">\n\t\t\t\t\t\t\t\t\t<p><span style=\"font-weight: 400;\">House of Hedra nace en 2019 de la mano de Andrea Jim\u00e9nez Mart\u00ednez (1996)\u00a0 en Madrid, donde recibi\u00f3 toda su formaci\u00f3n acad\u00e9mica internacional; gradu\u00e1ndose en Dise\u00f1o de Moda, y con un M\u00e1ster en Moda, Tecnolog\u00edas Aplicadas y Negocios Digitales.<\/span><\/p><p><\/p><p><span style=\"font-weight: 400;\">La firma busca fortalecer, rejuvenecer y cambiar el sector de la Costura espa\u00f1ola; a trav\u00e9s de su modelo de negocio del pr\u00eat-\u00e1-couture femenino. Hedra pretende evocar un mundo m\u00edstico, misterioso, en el que las prendas vayan m\u00e1s all\u00e1 de lo convencional, buscando que el cliente sienta ese aura y las haga suyas.<\/span><\/p><p><\/p><p><span style=\"font-weight: 400;\">Una de las principales caracter\u00edsticas de la firma es el sello \u201cMade in Spain\u201d, debido a que las colecciones se dise\u00f1ar\u00e1n y producir\u00e1n enteramente en Espa\u00f1a, apostando as\u00ed por la sostenibilidad, el comercio justo y sobre todo, fortaleciendo la Moda espa\u00f1ola.<\/span><\/p><p><\/p><p><span style=\"font-weight: 400;\">El pistoletazo de salida de la firma lo marc\u00f3 el lanzamiento de la l\u00ednea \u201cCamisetas Lorquianas\u201d que supuso un antes y un despu\u00e9s para House of Hedra. Lo que fue un peque\u00f1o proyecto para ayudar a una fundaci\u00f3n contra el maltrato de la mujer, se convirti\u00f3 en un s\u00edmbolo de la firma y lleg\u00f3 a mucha gente, llevando las camisetas numerosas celebridades e influencers.<\/span><\/p><p><\/p><p><span style=\"font-weight: 400;\">A d\u00eda de hoy, House of Hedra sigue d\u00e1ndose a conocer a nivel nacional e introduci\u00e9ndose en el mundo de la costura a medida para eventos, espect\u00e1culos\u2026<\/span><\/p>\t\t\t\t\t\t\t\t<\/div>\n\t\t\t\t<\/div>\n\t\t\t\t\t<\/div>\n\t\t<\/div>\n\t\t\t\t<div class=\"elementor-column elementor-col-50 elementor-top-column elementor-element elementor-element-8ae9d10\" data-id=\"8ae9d10\" data-element_type=\"column\" data-e-type=\"column\">\n\t\t\t<div class=\"elementor-widget-wrap elementor-element-populated\">\n\t\t\t\t\t\t<div class=\"elementor-element elementor-element-6f56e05 elementor-widget elementor-widget-image\" data-id=\"6f56e05\" data-element_type=\"widget\" data-e-type=\"widget\" data-widget_type=\"image.default\">\n\t\t\t\t<div class=\"elementor-widget-container\">\n\t\t\t\t\t\t\t\t\t\t\t\t\t\t\t<img decoding=\"async\" src=\"https:\/\/houseofhedra.com\/wp-content\/plugins\/elementor\/assets\/images\/placeholder.png\" title=\"\" alt=\"\" loading=\"lazy\" \/>\t\t\t\t\t\t\t\t\t\t\t\t\t\t\t<\/div>\n\t\t\t\t<\/div>\n\t\t\t\t\t<\/div>\n\t\t<\/div>\n\t\t\t\t\t<\/div>\n\t\t<\/section>\n\t\t\t\t<\/div>\n\t\t","protected":false},"excerpt":{"rendered":"<p>House of Hedra nace en 2019 de la mano de Andrea Jim\u00e9nez Mart\u00ednez (1996)\u00a0 en Madrid, donde recibi\u00f3 toda su formaci\u00f3n acad\u00e9mica internacional; gradu\u00e1ndose en Dise\u00f1o de Moda, y con un M\u00e1ster en Moda, Tecnolog\u00edas Aplicadas y Negocios Digitales. La firma busca fortalecer, rejuvenecer y cambiar el sector de la [&hellip;]<\/p>\n","protected":false},"author":1,"featured_media":0,"parent":0,"menu_order":0,"comment_status":"closed","ping_status":"closed","template":"elementor_header_footer","meta":{"footnotes":""},"class_list":["post-107","page","type-page","status-publish","hentry"],"jetpack_sharing_enabled":true,"_links":{"self":[{"href":"https:\/\/houseofhedra.com\/index.php?rest_route=\/wp\/v2\/pages\/107","targetHints":{"allow":["GET"]}}],"collection":[{"href":"https:\/\/houseofhedra.com\/index.php?rest_route=\/wp\/v2\/pages"}],"about":[{"href":"https:\/\/houseofhedra.com\/index.php?rest_route=\/wp\/v2\/types\/page"}],"author":[{"embeddable":true,"href":"https:\/\/houseofhedra.com\/index.php?rest_route=\/wp\/v2\/users\/1"}],"replies":[{"embeddable":true,"href":"https:\/\/houseofhedra.com\/index.php?rest_route=%2Fwp%2Fv2%2Fcomments&post=107"}],"version-history":[{"count":10,"href":"https:\/\/houseofhedra.com\/index.php?rest_route=\/wp\/v2\/pages\/107\/revisions"}],"predecessor-version":[{"id":1990,"href":"https:\/\/houseofhedra.com\/index.php?rest_route=\/wp\/v2\/pages\/107\/revisions\/1990"}],"wp:attachment":[{"href":"https:\/\/houseofhedra.com\/index.php?rest_route=%2Fwp%2Fv2%2Fmedia&parent=107"}],"curies":[{"name":"wp","href":"https:\/\/api.w.org\/{rel}","templated":true}]}}