{"id":12,"date":"2021-07-13T18:13:42","date_gmt":"2021-07-13T18:13:42","guid":{"rendered":"http:\/\/localhost\/houseofhedra2021\/?page_id=7"},"modified":"2025-08-12T07:50:00","modified_gmt":"2025-08-12T07:50:00","slug":"contact","status":"publish","type":"page","link":"https:\/\/houseofhedra.com\/?page_id=12","title":{"rendered":"CONTACTO"},"content":{"rendered":"\t\t<div data-elementor-type=\"wp-page\" data-elementor-id=\"12\" class=\"elementor elementor-12\">\n\t\t\t\t\t\t<section class=\"elementor-section elementor-top-section elementor-element elementor-element-be16680 elementor-section-boxed elementor-section-height-default elementor-section-height-default\" data-id=\"be16680\" data-element_type=\"section\" data-e-type=\"section\">\n\t\t\t\t\t\t<div class=\"elementor-container elementor-column-gap-default\">\n\t\t\t\t\t<div class=\"elementor-column elementor-col-100 elementor-top-column elementor-element elementor-element-c019b09\" data-id=\"c019b09\" data-element_type=\"column\" data-e-type=\"column\">\n\t\t\t<div class=\"elementor-widget-wrap elementor-element-populated\">\n\t\t\t\t\t\t<div class=\"elementor-element elementor-element-91f1c43 elementor-widget elementor-widget-image\" data-id=\"91f1c43\" data-element_type=\"widget\" data-e-type=\"widget\" data-widget_type=\"image.default\">\n\t\t\t\t<div class=\"elementor-widget-container\">\n\t\t\t\t\t\t\t\t\t\t\t\t\t\t\t<img fetchpriority=\"high\" decoding=\"async\" width=\"1135\" height=\"666\" src=\"https:\/\/houseofhedra.com\/wp-content\/uploads\/2022\/01\/cropped-adj_5a6ba5a2557dc-byn.jpg\" class=\"attachment-full size-full wp-image-1061\" alt=\"\" srcset=\"https:\/\/houseofhedra.com\/wp-content\/uploads\/2022\/01\/cropped-adj_5a6ba5a2557dc-byn.jpg 1135w, https:\/\/houseofhedra.com\/wp-content\/uploads\/2022\/01\/cropped-adj_5a6ba5a2557dc-byn-600x352.jpg 600w, https:\/\/houseofhedra.com\/wp-content\/uploads\/2022\/01\/cropped-adj_5a6ba5a2557dc-byn-300x176.jpg 300w, https:\/\/houseofhedra.com\/wp-content\/uploads\/2022\/01\/cropped-adj_5a6ba5a2557dc-byn-1024x601.jpg 1024w, https:\/\/houseofhedra.com\/wp-content\/uploads\/2022\/01\/cropped-adj_5a6ba5a2557dc-byn-768x451.jpg 768w\" sizes=\"(max-width: 1135px) 100vw, 1135px\" \/>\t\t\t\t\t\t\t\t\t\t\t\t\t\t\t<\/div>\n\t\t\t\t<\/div>\n\t\t\t\t\t<\/div>\n\t\t<\/div>\n\t\t\t\t\t<\/div>\n\t\t<\/section>\n\t\t\t\t<section class=\"elementor-section elementor-top-section elementor-element elementor-element-0a28efb elementor-section-boxed elementor-section-height-default elementor-section-height-default\" data-id=\"0a28efb\" data-element_type=\"section\" data-e-type=\"section\">\n\t\t\t\t\t\t<div class=\"elementor-container elementor-column-gap-default\">\n\t\t\t\t\t<div class=\"elementor-column elementor-col-50 elementor-top-column elementor-element elementor-element-b212a01\" data-id=\"b212a01\" data-element_type=\"column\" data-e-type=\"column\">\n\t\t\t<div class=\"elementor-widget-wrap\">\n\t\t\t\t\t\t\t<\/div>\n\t\t<\/div>\n\t\t\t\t<div class=\"elementor-column elementor-col-50 elementor-top-column elementor-element elementor-element-f54e901\" data-id=\"f54e901\" data-element_type=\"column\" data-e-type=\"column\">\n\t\t\t<div class=\"elementor-widget-wrap\">\n\t\t\t\t\t\t\t<\/div>\n\t\t<\/div>\n\t\t\t\t\t<\/div>\n\t\t<\/section>\n\t\t\t\t<section class=\"elementor-section elementor-top-section elementor-element elementor-element-f51c972 elementor-section-boxed elementor-section-height-default elementor-section-height-default\" data-id=\"f51c972\" data-element_type=\"section\" data-e-type=\"section\">\n\t\t\t\t\t\t<div class=\"elementor-container elementor-column-gap-default\">\n\t\t\t\t\t<div class=\"elementor-column elementor-col-100 elementor-top-column elementor-element elementor-element-2bba51b\" data-id=\"2bba51b\" data-element_type=\"column\" data-e-type=\"column\">\n\t\t\t<div class=\"elementor-widget-wrap elementor-element-populated\">\n\t\t\t\t\t\t<div class=\"elementor-element elementor-element-26469f9 elementor-widget elementor-widget-ucaddon_social_icons_glare_effect\" data-id=\"26469f9\" data-element_type=\"widget\" data-e-type=\"widget\" data-widget_type=\"ucaddon_social_icons_glare_effect.default\">\n\t\t\t\t<div class=\"elementor-widget-container\">\n\t\t\t\t\t\n<!-- start Social Icons Glare Effect -->\n\t\t<link id='font-awesome-css' href='https:\/\/houseofhedra.com\/wp-content\/plugins\/unlimited-elements-for-elementor\/assets_libraries\/font-awesome6\/fontawesome-all.min.css' type='text\/css' rel='stylesheet' >\n\t\t<link id='font-awesome-4-shim-css' href='https:\/\/houseofhedra.com\/wp-content\/plugins\/unlimited-elements-for-elementor\/assets_libraries\/font-awesome6\/fontawesome-v4-shims.min.css' type='text\/css' rel='stylesheet' >\n\n<style>\/* widget: Social Icons Glare Effect *\/\n\n#uc_social_icons_glare_effect_elementor_26469f9 *{\n\n\tbox-sizing: border-box;\n}\n\n#uc_social_icons_glare_effect_elementor_26469f9{\n\tposition:relative;\n\twidth:100%;\n}\n\n#uc_social_icons_glare_effect_elementor_26469f9 .uc_social-button {\n    box-shadow: 0 0 30px 0 rgba(0, 0, 0, 0.05);\n    display: inline-block;\n    opacity: 1;\n    overflow: hidden;\n    position: relative;\n    text-align: center;\n    transition: all 0.35s cubic-bezier(0.31, -0.105, 0.43, 1.59) 0s;\n    \n}\n#uc_social_icons_glare_effect_elementor_26469f9 .uc_social-button::before {\n    content: \"\";\n    height: 100%;\n    left: 0%;\n    position: absolute;\n    top: 100%;\n    transition: all 0.35s;\n    width: 100%;\n}\n#uc_social_icons_glare_effect_elementor_26469f9 .uc_social-button i {\n    transform: scale(0.8);\n    transition: all 0.35s cubic-bezier(0.31, -0.105, 0.43, 1.59) 0s;\n    vertical-align: middle;\n}\n\n#uc_social_icons_glare_effect_elementor_26469f9 .uc_social-button:focus::before, \n#uc_social_icons_glare_effect_elementor_26469f9 .uc_social-button:hover::before {\n    left: 0%;\n    top: 0%;\n}\n\n#uc_social_icons_glare_effect_elementor_26469f9 .uc_social-button i {\n\tcolor:#000000;\n}\n\n#uc_social_icons_glare_effect_elementor_26469f9 .uc_social-button:hover i {\n\tcolor:#ffffff;\n}\n\n<\/style>\n\n<div class=\"uc_stylish_social_buttons\" id=\"uc_social_icons_glare_effect_elementor_26469f9\"> \n    <!--uc_container_holder--> \n    <div class=\"uc_social-buttons\">\n    \t<a href=\"#\" class=\"uc_social-button\"  ><i class=\"fab fa-instagram\"><\/i><\/a>\n<a href=\"#\" class=\"uc_social-button\"  ><i class=\"fab fa-facebook-square\"><\/i><\/a>\n<a href=\"#\" class=\"uc_social-button\"  ><i class=\"fab fa-youtube\"><\/i><\/a>\n<a href=\"#\" class=\"uc_social-button\"  ><i class=\"fab fa-tiktok\"><\/i><\/a>\n<a href=\"#\" class=\"uc_social-button\"  ><i class=\"fab fa-linkedin\"><\/i><\/a>\n\n    <\/div>\n<\/div>\n<!-- end Social Icons Glare Effect -->\t\t\t\t<\/div>\n\t\t\t\t<\/div>\n\t\t\t\t\t<\/div>\n\t\t<\/div>\n\t\t\t\t\t<\/div>\n\t\t<\/section>\n\t\t\t\t<\/div>\n\t\t","protected":false},"excerpt":{"rendered":"<p>D\u00f3nde Encontrarnos C\/ Pez 27 Local 7, 28004 Madrid Cont\u00e1ctanos info@houseofhedra.com Ll\u00e1manos +34 635 231 882 Prensa info@lecuapress.com Nombre * Email * Tel\u00e9fono Mensaje * Submit<\/p>\n","protected":false},"author":1,"featured_media":0,"parent":0,"menu_order":0,"comment_status":"closed","ping_status":"closed","template":"elementor_header_footer","meta":{"footnotes":""},"class_list":["post-12","page","type-page","status-publish","hentry"],"jetpack_sharing_enabled":true,"_links":{"self":[{"href":"https:\/\/houseofhedra.com\/index.php?rest_route=\/wp\/v2\/pages\/12","targetHints":{"allow":["GET"]}}],"collection":[{"href":"https:\/\/houseofhedra.com\/index.php?rest_route=\/wp\/v2\/pages"}],"about":[{"href":"https:\/\/houseofhedra.com\/index.php?rest_route=\/wp\/v2\/types\/page"}],"author":[{"embeddable":true,"href":"https:\/\/houseofhedra.com\/index.php?rest_route=\/wp\/v2\/users\/1"}],"replies":[{"embeddable":true,"href":"https:\/\/houseofhedra.com\/index.php?rest_route=%2Fwp%2Fv2%2Fcomments&post=12"}],"version-history":[{"count":28,"href":"https:\/\/houseofhedra.com\/index.php?rest_route=\/wp\/v2\/pages\/12\/revisions"}],"predecessor-version":[{"id":2374,"href":"https:\/\/houseofhedra.com\/index.php?rest_route=\/wp\/v2\/pages\/12\/revisions\/2374"}],"wp:attachment":[{"href":"https:\/\/houseofhedra.com\/index.php?rest_route=%2Fwp%2Fv2%2Fmedia&parent=12"}],"curies":[{"name":"wp","href":"https:\/\/api.w.org\/{rel}","templated":true}]}}