{"id":298,"date":"2021-07-31T12:24:49","date_gmt":"2021-07-31T12:24:49","guid":{"rendered":"http:\/\/localhost\/houseofhedra2021\/?page_id=298"},"modified":"2022-12-22T00:32:12","modified_gmt":"2022-12-22T00:32:12","slug":"camisetas-lorquianas","status":"publish","type":"page","link":"https:\/\/houseofhedra.com\/?page_id=298","title":{"rendered":"CAMISETAS LORQUIANAS"},"content":{"rendered":"\t\t<div data-elementor-type=\"wp-page\" data-elementor-id=\"298\" class=\"elementor elementor-298\">\n\t\t\t\t\t\t<section class=\"elementor-section elementor-top-section elementor-element elementor-element-51c730a3 elementor-section-boxed elementor-section-height-default elementor-section-height-default\" data-id=\"51c730a3\" data-element_type=\"section\" data-e-type=\"section\">\n\t\t\t\t\t\t<div class=\"elementor-container elementor-column-gap-default\">\n\t\t\t\t\t<div class=\"elementor-column elementor-col-100 elementor-top-column elementor-element elementor-element-60310c5a\" data-id=\"60310c5a\" data-element_type=\"column\" data-e-type=\"column\">\n\t\t\t<div class=\"elementor-widget-wrap elementor-element-populated\">\n\t\t\t\t\t\t<div class=\"elementor-element elementor-element-921f10a elementor-widget elementor-widget-image\" data-id=\"921f10a\" data-element_type=\"widget\" data-e-type=\"widget\" data-widget_type=\"image.default\">\n\t\t\t\t<div class=\"elementor-widget-container\">\n\t\t\t\t\t\t\t\t\t\t\t\t\t\t\t<img decoding=\"async\" src=\"http:\/\/localhost\/houseofhedra2021\/wp-content\/uploads\/2021\/12\/DSC_4214-scaled.jpg\" title=\"\" alt=\"\" loading=\"lazy\" \/>\t\t\t\t\t\t\t\t\t\t\t\t\t\t\t<\/div>\n\t\t\t\t<\/div>\n\t\t\t\t\t<\/div>\n\t\t<\/div>\n\t\t\t\t\t<\/div>\n\t\t<\/section>\n\t\t\t\t<section class=\"elementor-section elementor-top-section elementor-element elementor-element-32f9dcb elementor-section-boxed elementor-section-height-default elementor-section-height-default\" data-id=\"32f9dcb\" data-element_type=\"section\" data-e-type=\"section\">\n\t\t\t\t\t\t<div class=\"elementor-container elementor-column-gap-default\">\n\t\t\t\t\t<div class=\"elementor-column elementor-col-100 elementor-top-column elementor-element elementor-element-b02adf4\" data-id=\"b02adf4\" data-element_type=\"column\" data-e-type=\"column\">\n\t\t\t<div class=\"elementor-widget-wrap elementor-element-populated\">\n\t\t\t\t\t\t<div class=\"elementor-element elementor-element-6abe83d elementor-widget elementor-widget-text-editor\" data-id=\"6abe83d\" data-element_type=\"widget\" data-e-type=\"widget\" data-widget_type=\"text-editor.default\">\n\t\t\t\t<div class=\"elementor-widget-container\">\n\t\t\t\t\t\t\t\t\t<p>La\u00a0<strong>edici\u00f3n limitada de camisetas<\/strong>\u00a0Lorquianas, compuesta por cuatro camisetas\u00a0blancas con diferentes frases sacadas de las obras\u00a0del mism\u00edsimo poeta\u00a0<strong>Federico Garc\u00eda Lorca<\/strong>, acompa\u00f1adas del logo de la joven marca ha sido un proyecto ben\u00e9fico que ha tenido una duraci\u00f3n de tres meses.\u00a0<\/p>\n<p>Las camisetas eran\u00a0unisex y estaban\u00a0disponibles en dos diferentes tallajes, ya que una de las metas de HOE es que, a pesar de solo confeccionar ropa para chica en estos momentos, lograr que ambos sexos vistan moda espa\u00f1ola confeccionada por la firma en un futuro.<\/p>\n<p>Basada en el minimalismo y la sencillez, cada camiseta permit\u00eda\u00a0romper los esquemas de un\u00a0look \u00fanico con frases feministas del escritor espa\u00f1ol,\u00a0reivindicando el lugar de la mujer en los tiempos que corren.<\/p>\n<p>Por esa misma raz\u00f3n, una parte de los beneficios recaudados en la venta de estas camisetas ha sido donado a la asociaci\u00f3n sevillana\u00a0<strong>Ana Bella<\/strong>, dedicada enteramente a ayudar a mujeres maltratadas y madres abandonadas.<\/p>\n<p>Este proyecto ha llegado a mucha gente, a la que se le quiere dar las gracias por parte de la casa. A continuaci\u00f3n se muestran algunas im\u00e1genes de todas las personas que han participado en este bonito\u00a0proyecto.<\/p>\t\t\t\t\t\t\t\t<\/div>\n\t\t\t\t<\/div>\n\t\t\t\t\t<\/div>\n\t\t<\/div>\n\t\t\t\t\t<\/div>\n\t\t<\/section>\n\t\t\t\t<section class=\"elementor-section elementor-top-section elementor-element elementor-element-4475cca elementor-section-full_width elementor-section-content-middle elementor-section-stretched elementor-section-height-default elementor-section-height-default\" data-id=\"4475cca\" data-element_type=\"section\" data-e-type=\"section\" data-settings=\"{&quot;stretch_section&quot;:&quot;section-stretched&quot;}\">\n\t\t\t\t\t\t<div class=\"elementor-container elementor-column-gap-extended\">\n\t\t\t\t\t<div class=\"elementor-column elementor-col-100 elementor-top-column elementor-element elementor-element-dbc2a15\" data-id=\"dbc2a15\" data-element_type=\"column\" data-e-type=\"column\">\n\t\t\t<div class=\"elementor-widget-wrap elementor-element-populated\">\n\t\t\t\t\t\t<div class=\"elementor-element elementor-element-9b7e4d9 elementor-arrows-position-inside elementor-pagination-position-outside elementor-widget elementor-widget-image-carousel\" data-id=\"9b7e4d9\" data-element_type=\"widget\" data-e-type=\"widget\" data-settings=\"{&quot;image_spacing_custom&quot;:{&quot;unit&quot;:&quot;px&quot;,&quot;size&quot;:14,&quot;sizes&quot;:[]},&quot;slides_to_show&quot;:&quot;6&quot;,&quot;navigation&quot;:&quot;both&quot;,&quot;autoplay&quot;:&quot;yes&quot;,&quot;pause_on_hover&quot;:&quot;yes&quot;,&quot;pause_on_interaction&quot;:&quot;yes&quot;,&quot;autoplay_speed&quot;:5000,&quot;infinite&quot;:&quot;yes&quot;,&quot;speed&quot;:500,&quot;image_spacing_custom_tablet&quot;:{&quot;unit&quot;:&quot;px&quot;,&quot;size&quot;:&quot;&quot;,&quot;sizes&quot;:[]},&quot;image_spacing_custom_mobile&quot;:{&quot;unit&quot;:&quot;px&quot;,&quot;size&quot;:&quot;&quot;,&quot;sizes&quot;:[]}}\" data-widget_type=\"image-carousel.default\">\n\t\t\t\t<div class=\"elementor-widget-container\">\n\t\t\t\t\t\t\t<div class=\"elementor-image-carousel-wrapper swiper\" role=\"region\" aria-roledescription=\"carousel\" aria-label=\"Carrusel de im\u00e1genes\" dir=\"ltr\">\n\t\t\t<div class=\"elementor-image-carousel swiper-wrapper\" aria-live=\"off\">\n\t\t\t\t\t\t\t\t<div class=\"swiper-slide\" role=\"group\" aria-roledescription=\"slide\" aria-label=\"1 de 15\"><figure class=\"swiper-slide-inner\"><img decoding=\"async\" class=\"swiper-slide-image\" src=\"https:\/\/houseofhedra.com\/wp-content\/uploads\/2022\/01\/image00049-200x300.jpeg\" alt=\"image00049\" \/><\/figure><\/div><div class=\"swiper-slide\" role=\"group\" aria-roledescription=\"slide\" aria-label=\"2 de 15\"><figure class=\"swiper-slide-inner\"><img decoding=\"async\" class=\"swiper-slide-image\" src=\"https:\/\/houseofhedra.com\/wp-content\/uploads\/2022\/01\/WhatsApp-Image-2021-03-12-at-13.49.42-225x300.jpeg\" alt=\"WhatsApp-Image-2021-03-12-at-13.49.42\" \/><\/figure><\/div><div class=\"swiper-slide\" role=\"group\" aria-roledescription=\"slide\" aria-label=\"3 de 15\"><figure class=\"swiper-slide-inner\"><img decoding=\"async\" class=\"swiper-slide-image\" src=\"https:\/\/houseofhedra.com\/wp-content\/uploads\/2022\/01\/21-24-29-AnadelReyFamiliaAlInstanteMadridPremiere3tDPwte60kXl-200x300.jpg\" alt=\"21-24-29-AnadelReyFamiliaAlInstanteMadridPremiere3tDPwte60kXl\" \/><\/figure><\/div><div class=\"swiper-slide\" role=\"group\" aria-roledescription=\"slide\" aria-label=\"4 de 15\"><figure class=\"swiper-slide-inner\"><img decoding=\"async\" class=\"swiper-slide-image\" src=\"https:\/\/houseofhedra.com\/wp-content\/uploads\/2022\/01\/Captura-de-pantalla-2019-03-21-a-las-23.06.40-233x300.png\" alt=\"Captura-de-pantalla-2019-03-21-a-las-23.06.40\" \/><\/figure><\/div><div class=\"swiper-slide\" role=\"group\" aria-roledescription=\"slide\" aria-label=\"5 de 15\"><figure class=\"swiper-slide-inner\"><img decoding=\"async\" class=\"swiper-slide-image\" src=\"https:\/\/houseofhedra.com\/wp-content\/uploads\/2022\/01\/3c46db2f-a0bd-4e40-9870-0a3d112b4cf0-225x300.jpeg\" alt=\"3c46db2f-a0bd-4e40-9870-0a3d112b4cf0\" \/><\/figure><\/div><div class=\"swiper-slide\" role=\"group\" aria-roledescription=\"slide\" aria-label=\"6 de 15\"><figure class=\"swiper-slide-inner\"><img decoding=\"async\" class=\"swiper-slide-image\" src=\"https:\/\/houseofhedra.com\/wp-content\/uploads\/2022\/01\/Captura-de-pantalla-2019-10-25-a-las-13.01.34-229x300.png\" alt=\"Captura-de-pantalla-2019-10-25-a-las-13.01.34\" \/><\/figure><\/div><div class=\"swiper-slide\" role=\"group\" aria-roledescription=\"slide\" aria-label=\"7 de 15\"><figure class=\"swiper-slide-inner\"><img decoding=\"async\" class=\"swiper-slide-image\" src=\"https:\/\/houseofhedra.com\/wp-content\/uploads\/2022\/01\/Captura-de-pantalla-2019-10-25-a-las-14.30.46-222x300.png\" alt=\"Captura-de-pantalla-2019-10-25-a-las-14.30.46\" \/><\/figure><\/div><div class=\"swiper-slide\" role=\"group\" aria-roledescription=\"slide\" aria-label=\"8 de 15\"><figure class=\"swiper-slide-inner\"><img decoding=\"async\" class=\"swiper-slide-image\" src=\"https:\/\/houseofhedra.com\/wp-content\/uploads\/2022\/01\/Captura-de-pantalla-2019-02-06-a-las-11.54.52-238x300.png\" alt=\"Captura-de-pantalla-2019-02-06-a-las-11.54.52\" \/><\/figure><\/div><div class=\"swiper-slide\" role=\"group\" aria-roledescription=\"slide\" aria-label=\"9 de 15\"><figure class=\"swiper-slide-inner\"><img decoding=\"async\" class=\"swiper-slide-image\" src=\"https:\/\/houseofhedra.com\/wp-content\/uploads\/2022\/01\/anitadelrey_20201025_205450-240x300.jpg\" alt=\"anitadelrey_20201025_205450\" \/><\/figure><\/div><div class=\"swiper-slide\" role=\"group\" aria-roledescription=\"slide\" aria-label=\"10 de 15\"><figure class=\"swiper-slide-inner\"><img decoding=\"async\" class=\"swiper-slide-image\" src=\"https:\/\/houseofhedra.com\/wp-content\/uploads\/2022\/01\/IMG_20190120_224013_722-240x300.jpg\" alt=\"IMG_20190120_224013_722\" \/><\/figure><\/div><div class=\"swiper-slide\" role=\"group\" aria-roledescription=\"slide\" aria-label=\"11 de 15\"><figure class=\"swiper-slide-inner\"><img decoding=\"async\" class=\"swiper-slide-image\" src=\"https:\/\/houseofhedra.com\/wp-content\/uploads\/2022\/01\/lau.esro_20201025_205517-240x300.jpg\" alt=\"lau.esro_20201025_205517\" \/><\/figure><\/div><div class=\"swiper-slide\" role=\"group\" aria-roledescription=\"slide\" aria-label=\"12 de 15\"><figure class=\"swiper-slide-inner\"><img decoding=\"async\" class=\"swiper-slide-image\" src=\"https:\/\/houseofhedra.com\/wp-content\/uploads\/2022\/01\/Captura-de-pantalla-2019-10-25-a-las-13.55.15-300x175.png\" alt=\"Captura-de-pantalla-2019-10-25-a-las-13.55.15\" \/><\/figure><\/div><div class=\"swiper-slide\" role=\"group\" aria-roledescription=\"slide\" aria-label=\"13 de 15\"><figure class=\"swiper-slide-inner\"><img decoding=\"async\" class=\"swiper-slide-image\" src=\"https:\/\/houseofhedra.com\/wp-content\/uploads\/2022\/01\/1605521491760-225x300.jpg\" alt=\"1605521491760\" \/><\/figure><\/div><div class=\"swiper-slide\" role=\"group\" aria-roledescription=\"slide\" aria-label=\"14 de 15\"><figure class=\"swiper-slide-inner\"><img decoding=\"async\" class=\"swiper-slide-image\" src=\"https:\/\/houseofhedra.com\/wp-content\/uploads\/2022\/01\/IMG_20181225_205438_786-275x300.jpg\" alt=\"IMG_20181225_205438_786\" \/><\/figure><\/div><div class=\"swiper-slide\" role=\"group\" aria-roledescription=\"slide\" aria-label=\"15 de 15\"><figure class=\"swiper-slide-inner\"><img decoding=\"async\" class=\"swiper-slide-image\" src=\"https:\/\/houseofhedra.com\/wp-content\/uploads\/2022\/01\/IMG_20201025_205543-241x300.jpg\" alt=\"IMG_20201025_205543\" \/><\/figure><\/div>\t\t\t<\/div>\n\t\t\t\t\t\t\t\t\t\t\t\t<div class=\"elementor-swiper-button elementor-swiper-button-prev\" role=\"button\" tabindex=\"0\">\n\t\t\t\t\t\t<i aria-hidden=\"true\" class=\"eicon-chevron-left\"><\/i>\t\t\t\t\t<\/div>\n\t\t\t\t\t<div class=\"elementor-swiper-button elementor-swiper-button-next\" role=\"button\" tabindex=\"0\">\n\t\t\t\t\t\t<i aria-hidden=\"true\" class=\"eicon-chevron-right\"><\/i>\t\t\t\t\t<\/div>\n\t\t\t\t\n\t\t\t\t\t\t\t\t\t<div class=\"swiper-pagination\"><\/div>\n\t\t\t\t\t\t\t\t\t<\/div>\n\t\t\t\t\t\t<\/div>\n\t\t\t\t<\/div>\n\t\t\t\t\t<\/div>\n\t\t<\/div>\n\t\t\t\t\t<\/div>\n\t\t<\/section>\n\t\t\t\t<\/div>\n\t\t","protected":false},"excerpt":{"rendered":"<p>La\u00a0edici\u00f3n limitada de camisetas\u00a0Lorquianas, compuesta por cuatro camisetas\u00a0blancas con diferentes frases sacadas de las obras\u00a0del mism\u00edsimo poeta\u00a0Federico Garc\u00eda Lorca, acompa\u00f1adas del logo de la joven marca ha sido un proyecto ben\u00e9fico que ha tenido una duraci\u00f3n de tres meses.\u00a0 Las camisetas eran\u00a0unisex y estaban\u00a0disponibles en dos diferentes tallajes, ya que [&hellip;]<\/p>\n","protected":false},"author":1,"featured_media":0,"parent":0,"menu_order":0,"comment_status":"closed","ping_status":"closed","template":"","meta":{"footnotes":""},"class_list":["post-298","page","type-page","status-publish","hentry"],"jetpack_sharing_enabled":true,"_links":{"self":[{"href":"https:\/\/houseofhedra.com\/index.php?rest_route=\/wp\/v2\/pages\/298","targetHints":{"allow":["GET"]}}],"collection":[{"href":"https:\/\/houseofhedra.com\/index.php?rest_route=\/wp\/v2\/pages"}],"about":[{"href":"https:\/\/houseofhedra.com\/index.php?rest_route=\/wp\/v2\/types\/page"}],"author":[{"embeddable":true,"href":"https:\/\/houseofhedra.com\/index.php?rest_route=\/wp\/v2\/users\/1"}],"replies":[{"embeddable":true,"href":"https:\/\/houseofhedra.com\/index.php?rest_route=%2Fwp%2Fv2%2Fcomments&post=298"}],"version-history":[{"count":6,"href":"https:\/\/houseofhedra.com\/index.php?rest_route=\/wp\/v2\/pages\/298\/revisions"}],"predecessor-version":[{"id":2006,"href":"https:\/\/houseofhedra.com\/index.php?rest_route=\/wp\/v2\/pages\/298\/revisions\/2006"}],"wp:attachment":[{"href":"https:\/\/houseofhedra.com\/index.php?rest_route=%2Fwp%2Fv2%2Fmedia&parent=298"}],"curies":[{"name":"wp","href":"https:\/\/api.w.org\/{rel}","templated":true}]}}